{"id":1104,"date":"2024-10-08T20:13:11","date_gmt":"2024-10-08T18:13:11","guid":{"rendered":"https:\/\/www.origenysabor.com\/producto\/bolsa-de-salami-salchichon-joselito-70-gr\/"},"modified":"2024-11-08T22:43:54","modified_gmt":"2024-11-08T21:43:54","slug":"bolsa-de-salami-salchichon-joselito-70-gr","status":"publish","type":"product","link":"https:\/\/www.origenysabor.com\/sv\/produkt\/vaeska-med-salami-salchichon-joselito-70-gr\/","title":{"rendered":"V\u00e4ska med salami (Salchich\u00f3n) Joselito 70 gr. -"},"content":{"rendered":"<p>Tillverkad med \u00e4dla bitar av Joselito-grisen. Den har en intensiv doft och stor balans mellan fett, magert k\u00f6tt och den perfekta punkten med peppar och vitl\u00f6k. F\u00e4rsk och delikat smak, \u00f6m och saftig konsistens h\u00e4rr\u00f6rande fr\u00e5n dess dubbla k\u00f6ttf\u00e4rs. H\u00e4rdning i naturliga k\u00e4llare och torkning.<\/p>","protected":false},"excerpt":{"rendered":"<p>Tillverkad med \u00e4dla bitar av Joselito-grisen. Den har en intensiv doft och stor balans mellan fett, magert k\u00f6tt och den perfekta punkten med peppar och vitl\u00f6k. F\u00e4rsk och delikat smak, \u00f6m och saftig konsistens h\u00e4rr\u00f6rande fr\u00e5n dess dubbla k\u00f6ttf\u00e4rs. H\u00e4rdning i naturliga k\u00e4llare och torkning.<\/p>","protected":false},"featured_media":1105,"comment_status":"closed","ping_status":"closed","template":"","meta":{"wds_primary_product_brand":0,"wds_primary_product_cat":0},"product_brand":[],"product_cat":[30],"product_tag":[],"class_list":{"0":"post-1104","1":"product","2":"type-product","3":"status-publish","4":"has-post-thumbnail","6":"product_cat-embutidos-ibericos","8":"first","9":"instock","10":"taxable","11":"shipping-taxable","12":"purchasable","13":"product-type-simple"},"_links":{"self":[{"href":"https:\/\/www.origenysabor.com\/sv\/wp-json\/wp\/v2\/product\/1104","targetHints":{"allow":["GET"]}}],"collection":[{"href":"https:\/\/www.origenysabor.com\/sv\/wp-json\/wp\/v2\/product"}],"about":[{"href":"https:\/\/www.origenysabor.com\/sv\/wp-json\/wp\/v2\/types\/product"}],"replies":[{"embeddable":true,"href":"https:\/\/www.origenysabor.com\/sv\/wp-json\/wp\/v2\/comments?post=1104"}],"wp:featuredmedia":[{"embeddable":true,"href":"https:\/\/www.origenysabor.com\/sv\/wp-json\/wp\/v2\/media\/1105"}],"wp:attachment":[{"href":"https:\/\/www.origenysabor.com\/sv\/wp-json\/wp\/v2\/media?parent=1104"}],"wp:term":[{"taxonomy":"product_brand","embeddable":true,"href":"https:\/\/www.origenysabor.com\/sv\/wp-json\/wp\/v2\/product_brand?post=1104"},{"taxonomy":"product_cat","embeddable":true,"href":"https:\/\/www.origenysabor.com\/sv\/wp-json\/wp\/v2\/product_cat?post=1104"},{"taxonomy":"product_tag","embeddable":true,"href":"https:\/\/www.origenysabor.com\/sv\/wp-json\/wp\/v2\/product_tag?post=1104"}],"curies":[{"name":"wp","href":"https:\/\/api.w.org\/{rel}","templated":true}]}}