{"id":1152,"date":"2024-10-08T20:13:14","date_gmt":"2024-10-08T18:13:14","guid":{"rendered":"https:\/\/www.origenysabor.com\/producto\/cocedor-espiral-para-paellera-50cm\/"},"modified":"2024-11-03T04:01:28","modified_gmt":"2024-11-03T03:01:28","slug":"cocedor-espiral-para-paellera-50cm","status":"publish","type":"product","link":"https:\/\/www.origenysabor.com\/sv\/produkt\/spiralkokare-foer-paella-50-cm\/","title":{"rendered":"Spiralkokare f\u00f6r paella 50 cm"},"content":{"rendered":"<p>Finns i olika diametrar beroende p\u00e5 storleken p\u00e5 den paellapan du har. Med flamintensitetsregulator. Att laga paellor p\u00e5 traditionellt s\u00e4tt. Distribuera v\u00e4rmen j\u00e4mnt i paellapannan.<\/p>","protected":false},"excerpt":{"rendered":"<p>Finns i olika diametrar beroende p\u00e5 storleken p\u00e5 den paellapan du har. Med flamintensitetsregulator. Att laga paellor p\u00e5 traditionellt s\u00e4tt. Distribuera v\u00e4rmen j\u00e4mnt i paellapannan.<\/p>","protected":false},"featured_media":1151,"comment_status":"closed","ping_status":"closed","template":"","meta":{"wds_primary_product_brand":0,"wds_primary_product_cat":0},"product_brand":[],"product_cat":[35],"product_tag":[],"class_list":{"0":"post-1152","1":"product","2":"type-product","3":"status-publish","4":"has-post-thumbnail","6":"product_cat-paellas-y-legumbres","8":"first","9":"instock","10":"taxable","11":"shipping-taxable","12":"purchasable","13":"product-type-simple"},"_links":{"self":[{"href":"https:\/\/www.origenysabor.com\/sv\/wp-json\/wp\/v2\/product\/1152","targetHints":{"allow":["GET"]}}],"collection":[{"href":"https:\/\/www.origenysabor.com\/sv\/wp-json\/wp\/v2\/product"}],"about":[{"href":"https:\/\/www.origenysabor.com\/sv\/wp-json\/wp\/v2\/types\/product"}],"replies":[{"embeddable":true,"href":"https:\/\/www.origenysabor.com\/sv\/wp-json\/wp\/v2\/comments?post=1152"}],"wp:featuredmedia":[{"embeddable":true,"href":"https:\/\/www.origenysabor.com\/sv\/wp-json\/wp\/v2\/media\/1151"}],"wp:attachment":[{"href":"https:\/\/www.origenysabor.com\/sv\/wp-json\/wp\/v2\/media?parent=1152"}],"wp:term":[{"taxonomy":"product_brand","embeddable":true,"href":"https:\/\/www.origenysabor.com\/sv\/wp-json\/wp\/v2\/product_brand?post=1152"},{"taxonomy":"product_cat","embeddable":true,"href":"https:\/\/www.origenysabor.com\/sv\/wp-json\/wp\/v2\/product_cat?post=1152"},{"taxonomy":"product_tag","embeddable":true,"href":"https:\/\/www.origenysabor.com\/sv\/wp-json\/wp\/v2\/product_tag?post=1152"}],"curies":[{"name":"wp","href":"https:\/\/api.w.org\/{rel}","templated":true}]}}