{"id":1177,"date":"2024-10-08T20:13:18","date_gmt":"2024-10-08T18:13:18","guid":{"rendered":"https:\/\/www.origenysabor.com\/producto\/cinco-jotas-jamon-jamon-de-bellota-100-raza-iberica-cortado-a-mano-en-fabrica-80-g\/"},"modified":"2024-11-08T22:06:31","modified_gmt":"2024-11-08T21:06:31","slug":"cinco-jotas-jamon-jamon-de-bellota-100-raza-iberica-cortado-a-mano-en-fabrica-80-g","status":"publish","type":"product","link":"https:\/\/www.origenysabor.com\/sv\/produkt\/fem-jotas-ham-bellota-skinka-100-iberisk-ras-skuren-foer-hand-i-fabrik-80-g\/","title":{"rendered":"FEM JOTAS Ham Bellota skinka 100% iberisk ras skuren f\u00f6r hand i fabrik 80 g."},"content":{"rendered":"<p>Prosciutto FIVE JOTAS Ham av bellota 100% razza iberica tagliato f\u00f6r att l\u00e4mna in fabbrica. Busta sottovuoto da 80 g.<\/p>","protected":false},"excerpt":{"rendered":"<p>Prosciutto FIVE JOTAS Ham av bellota 100% razza iberica tagliato f\u00f6r att l\u00e4mna in fabbrica. Busta sottovuoto da 80 g.<\/p>","protected":false},"featured_media":1178,"comment_status":"closed","ping_status":"closed","template":"","meta":{"wds_primary_product_brand":0,"wds_primary_product_cat":0},"product_brand":[],"product_cat":[30],"product_tag":[],"class_list":{"0":"post-1177","1":"product","2":"type-product","3":"status-publish","4":"has-post-thumbnail","6":"product_cat-embutidos-ibericos","8":"first","9":"instock","10":"taxable","11":"shipping-taxable","12":"purchasable","13":"product-type-simple"},"_links":{"self":[{"href":"https:\/\/www.origenysabor.com\/sv\/wp-json\/wp\/v2\/product\/1177","targetHints":{"allow":["GET"]}}],"collection":[{"href":"https:\/\/www.origenysabor.com\/sv\/wp-json\/wp\/v2\/product"}],"about":[{"href":"https:\/\/www.origenysabor.com\/sv\/wp-json\/wp\/v2\/types\/product"}],"replies":[{"embeddable":true,"href":"https:\/\/www.origenysabor.com\/sv\/wp-json\/wp\/v2\/comments?post=1177"}],"wp:featuredmedia":[{"embeddable":true,"href":"https:\/\/www.origenysabor.com\/sv\/wp-json\/wp\/v2\/media\/1178"}],"wp:attachment":[{"href":"https:\/\/www.origenysabor.com\/sv\/wp-json\/wp\/v2\/media?parent=1177"}],"wp:term":[{"taxonomy":"product_brand","embeddable":true,"href":"https:\/\/www.origenysabor.com\/sv\/wp-json\/wp\/v2\/product_brand?post=1177"},{"taxonomy":"product_cat","embeddable":true,"href":"https:\/\/www.origenysabor.com\/sv\/wp-json\/wp\/v2\/product_cat?post=1177"},{"taxonomy":"product_tag","embeddable":true,"href":"https:\/\/www.origenysabor.com\/sv\/wp-json\/wp\/v2\/product_tag?post=1177"}],"curies":[{"name":"wp","href":"https:\/\/api.w.org\/{rel}","templated":true}]}}